{"id":208,"date":"2022-06-13T05:42:46","date_gmt":"2022-06-13T05:42:46","guid":{"rendered":"https:\/\/morphoria.stage.sites.vh1-schrittweiter.de\/?page_id=208"},"modified":"2023-03-02T15:15:33","modified_gmt":"2023-03-02T15:15:33","slug":"impressum","status":"publish","type":"page","link":"https:\/\/morphoria.stage.sites.vh1-schrittweiter.de\/de\/impressum\/","title":{"rendered":"Impressum"},"content":{"rendered":"\t\t<div data-elementor-type=\"wp-page\" data-elementor-id=\"208\" class=\"elementor elementor-208\" data-elementor-post-type=\"page\">\n\t\t\t\t\t\t<section class=\"elementor-section elementor-top-section elementor-element elementor-element-84ec501 elementor-section-height-min-height elementor-section-items-top elementor-section-boxed elementor-section-height-default\" data-id=\"84ec501\" data-element_type=\"section\" data-settings=\"{&quot;background_background&quot;:&quot;classic&quot;}\">\n\t\t\t\t\t\t<div class=\"elementor-container elementor-column-gap-default\">\n\t\t\t\t\t<div class=\"elementor-column elementor-col-100 elementor-top-column elementor-element elementor-element-2da1c35\" data-id=\"2da1c35\" data-element_type=\"column\">\n\t\t\t<div class=\"elementor-widget-wrap elementor-element-populated\">\n\t\t\t\t\t\t<div class=\"elementor-element elementor-element-6ecc515 elementor-widget elementor-widget-text-editor\" data-id=\"6ecc515\" data-element_type=\"widget\" data-widget_type=\"text-editor.default\">\n\t\t\t\t<div class=\"elementor-widget-container\">\n\t\t\t<style>\/*! elementor - v3.21.0 - 20-05-2024 *\/\n.elementor-widget-text-editor.elementor-drop-cap-view-stacked .elementor-drop-cap{background-color:#69727d;color:#fff}.elementor-widget-text-editor.elementor-drop-cap-view-framed .elementor-drop-cap{color:#69727d;border:3px solid;background-color:transparent}.elementor-widget-text-editor:not(.elementor-drop-cap-view-default) .elementor-drop-cap{margin-top:8px}.elementor-widget-text-editor:not(.elementor-drop-cap-view-default) .elementor-drop-cap-letter{width:1em;height:1em}.elementor-widget-text-editor .elementor-drop-cap{float:left;text-align:center;line-height:1;font-size:50px}.elementor-widget-text-editor .elementor-drop-cap-letter{display:inline-block}<\/style>\t\t\t\t<p><span class=\"u-fonts__paragraph\" style=\"background-color: yellow; color: black;\">Inhaltlich Verantwortlich<\/span><\/p><p>Daniela Herweg, Andreas Ruhe, Marco Schmidt, Alexandros Michalakopoulos<\/p>\t\t\t\t\t\t<\/div>\n\t\t\t\t<\/div>\n\t\t\t\t<div class=\"elementor-element elementor-element-f6e9b4a elementor-widget elementor-widget-spacer\" data-id=\"f6e9b4a\" data-element_type=\"widget\" data-widget_type=\"spacer.default\">\n\t\t\t\t<div class=\"elementor-widget-container\">\n\t\t\t<style>\/*! elementor - v3.21.0 - 20-05-2024 *\/\n.elementor-column .elementor-spacer-inner{height:var(--spacer-size)}.e-con{--container-widget-width:100%}.e-con-inner>.elementor-widget-spacer,.e-con>.elementor-widget-spacer{width:var(--container-widget-width,var(--spacer-size));--align-self:var(--container-widget-align-self,initial);--flex-shrink:0}.e-con-inner>.elementor-widget-spacer>.elementor-widget-container,.e-con>.elementor-widget-spacer>.elementor-widget-container{height:100%;width:100%}.e-con-inner>.elementor-widget-spacer>.elementor-widget-container>.elementor-spacer,.e-con>.elementor-widget-spacer>.elementor-widget-container>.elementor-spacer{height:100%}.e-con-inner>.elementor-widget-spacer>.elementor-widget-container>.elementor-spacer>.elementor-spacer-inner,.e-con>.elementor-widget-spacer>.elementor-widget-container>.elementor-spacer>.elementor-spacer-inner{height:var(--container-widget-height,var(--spacer-size))}.e-con-inner>.elementor-widget-spacer.elementor-widget-empty,.e-con>.elementor-widget-spacer.elementor-widget-empty{position:relative;min-height:22px;min-width:22px}.e-con-inner>.elementor-widget-spacer.elementor-widget-empty .elementor-widget-empty-icon,.e-con>.elementor-widget-spacer.elementor-widget-empty .elementor-widget-empty-icon{position:absolute;top:0;bottom:0;left:0;right:0;margin:auto;padding:0;width:22px;height:22px}<\/style>\t\t<div class=\"elementor-spacer\">\n\t\t\t<div class=\"elementor-spacer-inner\"><\/div>\n\t\t<\/div>\n\t\t\t\t<\/div>\n\t\t\t\t<\/div>\n\t\t\t\t<div class=\"elementor-element elementor-element-d95bded elementor-widget elementor-widget-text-editor\" data-id=\"d95bded\" data-element_type=\"widget\" data-widget_type=\"text-editor.default\">\n\t\t\t\t<div class=\"elementor-widget-container\">\n\t\t\t\t\t\t\t<p><span style=\"background-color: yellow; color: black;\">Kontakt<\/span><\/p><p>Morphoria | Herweg, Ruhe, Schmidt,<br \/>Michalakopoulos GbR<br \/>K\u00f6lner Str. 365<br \/>40227 D\u00fcsseldorf (GER)<\/p><p>M <a href=\"tel:+4921199616985\">+49 (0) 211 99 61 69 85<\/a><br \/>E <a href=\"mailto:mail@morphoria.com\">mail@morphoria.com<\/a><\/p>\t\t\t\t\t\t<\/div>\n\t\t\t\t<\/div>\n\t\t\t\t<div class=\"elementor-element elementor-element-733260f elementor-widget elementor-widget-spacer\" data-id=\"733260f\" data-element_type=\"widget\" data-widget_type=\"spacer.default\">\n\t\t\t\t<div class=\"elementor-widget-container\">\n\t\t\t\t\t<div class=\"elementor-spacer\">\n\t\t\t<div class=\"elementor-spacer-inner\"><\/div>\n\t\t<\/div>\n\t\t\t\t<\/div>\n\t\t\t\t<\/div>\n\t\t\t\t<div class=\"elementor-element elementor-element-31726b1 elementor-widget elementor-widget-text-editor\" data-id=\"31726b1\" data-element_type=\"widget\" data-widget_type=\"text-editor.default\">\n\t\t\t\t<div class=\"elementor-widget-container\">\n\t\t\t\t\t\t\t<p><span class=\"u-fonts__paragraph\" style=\"background-color: yellow; color: black;\">Informationen \u00fcber die Unternehmensregistrierung<\/span><\/p><p>DE293160879<br \/>Gerichtsstand D\u00fcsseldorf<\/p>\t\t\t\t\t\t<\/div>\n\t\t\t\t<\/div>\n\t\t\t\t<div class=\"elementor-element elementor-element-a2b884a elementor-widget elementor-widget-spacer\" data-id=\"a2b884a\" data-element_type=\"widget\" data-widget_type=\"spacer.default\">\n\t\t\t\t<div class=\"elementor-widget-container\">\n\t\t\t\t\t<div class=\"elementor-spacer\">\n\t\t\t<div class=\"elementor-spacer-inner\"><\/div>\n\t\t<\/div>\n\t\t\t\t<\/div>\n\t\t\t\t<\/div>\n\t\t\t\t<div class=\"elementor-element elementor-element-8f06935 elementor-widget elementor-widget-text-editor\" data-id=\"8f06935\" data-element_type=\"widget\" data-widget_type=\"text-editor.default\">\n\t\t\t\t<div class=\"elementor-widget-container\">\n\t\t\t\t\t\t\t<p><span class=\"u-fonts__paragraph\" style=\"background-color: yellow; color: black;\">\u00a9 2023\u00a0 Morphoria<\/span><\/p><p>Alle Bild und Textdokumente auf dieser Website sind urheberrechtlich gesch\u00fctzt. Alle Rechte sind vorbehalten. Ver\u00f6ffentlichung nur mit schriftlicher Genehmigung.<\/p>\t\t\t\t\t\t<\/div>\n\t\t\t\t<\/div>\n\t\t\t\t<div class=\"elementor-element elementor-element-4a54ceb elementor-widget elementor-widget-spacer\" data-id=\"4a54ceb\" data-element_type=\"widget\" data-widget_type=\"spacer.default\">\n\t\t\t\t<div class=\"elementor-widget-container\">\n\t\t\t\t\t<div class=\"elementor-spacer\">\n\t\t\t<div class=\"elementor-spacer-inner\"><\/div>\n\t\t<\/div>\n\t\t\t\t<\/div>\n\t\t\t\t<\/div>\n\t\t\t\t<div class=\"elementor-element elementor-element-884b8e2 elementor-widget elementor-widget-text-editor\" data-id=\"884b8e2\" data-element_type=\"widget\" data-widget_type=\"text-editor.default\">\n\t\t\t\t<div class=\"elementor-widget-container\">\n\t\t\t\t\t\t\t<p><span class=\"u-fonts__paragraph\" style=\"background-color: yellow; color: black;\">Programmierung<\/span><\/p><p>Schrittweiter GmbH<br \/>M\u00fclheimer Str. 7<br \/>40239 D\u00fcsseldorf<br \/><a href=\"https:\/\/schrittweiter.de\/\">Website<\/a><\/p>\t\t\t\t\t\t<\/div>\n\t\t\t\t<\/div>\n\t\t\t\t\t<\/div>\n\t\t<\/div>\n\t\t\t\t\t<\/div>\n\t\t<\/section>\n\t\t\t\t<\/div>\n\t\t","protected":false},"excerpt":{"rendered":"<p>Inhaltlich Verantwortlich Daniela Herweg, Andreas Ruhe, Marco Schmidt, Alexandros Michalakopoulos Kontakt Morphoria | Herweg, Ruhe, Schmidt,Michalakopoulos GbRK\u00f6lner Str. 36540227 D\u00fcsseldorf (GER) M +49 (0) 211 99 61 69 85E mail@morphoria.com Informationen \u00fcber die Unternehmensregistrierung DE293160879Gerichtsstand D\u00fcsseldorf \u00a9 2023\u00a0 Morphoria Alle Bild und Textdokumente auf dieser Website sind urheberrechtlich gesch\u00fctzt. Alle Rechte sind vorbehalten. Ver\u00f6ffentlichung nur [&hellip;]<\/p>\n","protected":false},"author":1,"featured_media":0,"parent":0,"menu_order":0,"comment_status":"closed","ping_status":"closed","template":"","meta":{"_acf_changed":false,"footnotes":""},"acf":[],"_links":{"self":[{"href":"https:\/\/morphoria.stage.sites.vh1-schrittweiter.de\/de\/wp-json\/wp\/v2\/pages\/208"}],"collection":[{"href":"https:\/\/morphoria.stage.sites.vh1-schrittweiter.de\/de\/wp-json\/wp\/v2\/pages"}],"about":[{"href":"https:\/\/morphoria.stage.sites.vh1-schrittweiter.de\/de\/wp-json\/wp\/v2\/types\/page"}],"author":[{"embeddable":true,"href":"https:\/\/morphoria.stage.sites.vh1-schrittweiter.de\/de\/wp-json\/wp\/v2\/users\/1"}],"replies":[{"embeddable":true,"href":"https:\/\/morphoria.stage.sites.vh1-schrittweiter.de\/de\/wp-json\/wp\/v2\/comments?post=208"}],"version-history":[{"count":10,"href":"https:\/\/morphoria.stage.sites.vh1-schrittweiter.de\/de\/wp-json\/wp\/v2\/pages\/208\/revisions"}],"predecessor-version":[{"id":8105,"href":"https:\/\/morphoria.stage.sites.vh1-schrittweiter.de\/de\/wp-json\/wp\/v2\/pages\/208\/revisions\/8105"}],"wp:attachment":[{"href":"https:\/\/morphoria.stage.sites.vh1-schrittweiter.de\/de\/wp-json\/wp\/v2\/media?parent=208"}],"curies":[{"name":"wp","href":"https:\/\/api.w.org\/{rel}","templated":true}]}}